{"id":2,"date":"2023-03-18T10:54:02","date_gmt":"2023-03-18T09:54:02","guid":{"rendered":"http:\/\/neurobehavior.pl\/?page_id=2"},"modified":"2023-04-07T23:26:47","modified_gmt":"2023-04-07T21:26:47","slug":"przykladowa-strona","status":"publish","type":"page","link":"https:\/\/neurobehavior.pl\/","title":{"rendered":"Czym jest neurobehavior?"},"content":{"rendered":"\t\t<div data-elementor-type=\"wp-page\" data-elementor-id=\"2\" class=\"elementor elementor-2\">\n\t\t\t\t\t\t\t\t\t<section class=\"elementor-section elementor-top-section elementor-element elementor-element-69b8cf1b elementor-section-boxed elementor-section-height-default elementor-section-height-default\" data-id=\"69b8cf1b\" data-element_type=\"section\">\n\t\t\t\t\t\t<div class=\"elementor-container elementor-column-gap-default\">\n\t\t\t\t\t<div class=\"elementor-column elementor-col-100 elementor-top-column elementor-element elementor-element-12b5b00d\" data-id=\"12b5b00d\" data-element_type=\"column\">\n\t\t\t<div class=\"elementor-widget-wrap elementor-element-populated\">\n\t\t\t\t\t\t\t\t<section class=\"elementor-section elementor-inner-section elementor-element elementor-element-dae24c7 elementor-section-full_width elementor-section-content-top elementor-section-height-default elementor-section-height-default\" data-id=\"dae24c7\" data-element_type=\"section\">\n\t\t\t\t\t\t<div class=\"elementor-container elementor-column-gap-default\">\n\t\t\t\t\t<div class=\"elementor-column elementor-col-33 elementor-inner-column elementor-element elementor-element-88dcb85\" data-id=\"88dcb85\" data-element_type=\"column\">\n\t\t\t<div class=\"elementor-widget-wrap elementor-element-populated\">\n\t\t\t\t\t\t\t\t<div class=\"elementor-element elementor-element-b5e4190 elementor-widget elementor-widget-image\" data-id=\"b5e4190\" data-element_type=\"widget\" data-widget_type=\"image.default\">\n\t\t\t\t<div class=\"elementor-widget-container\">\n\t\t\t<style>\/*! elementor - v3.11.5 - 14-03-2023 *\/\n.elementor-widget-image{text-align:center}.elementor-widget-image a{display:inline-block}.elementor-widget-image a img[src$=\".svg\"]{width:48px}.elementor-widget-image img{vertical-align:middle;display:inline-block}<\/style>\t\t\t\t\t\t\t\t\t\t\t\t<img loading=\"lazy\" decoding=\"async\" width=\"960\" height=\"960\" src=\"https:\/\/neurobehavior.pl\/wp-content\/uploads\/2023\/04\/matrannae_None_1d074535-afa3-4d47-ad47-77a9f85e861e.png\" class=\"attachment-large size-large wp-image-128\" alt=\"\" srcset=\"https:\/\/neurobehavior.pl\/wp-content\/uploads\/2023\/04\/matrannae_None_1d074535-afa3-4d47-ad47-77a9f85e861e.png 1024w, https:\/\/neurobehavior.pl\/wp-content\/uploads\/2023\/04\/matrannae_None_1d074535-afa3-4d47-ad47-77a9f85e861e-300x300.png 300w, https:\/\/neurobehavior.pl\/wp-content\/uploads\/2023\/04\/matrannae_None_1d074535-afa3-4d47-ad47-77a9f85e861e-150x150.png 150w, https:\/\/neurobehavior.pl\/wp-content\/uploads\/2023\/04\/matrannae_None_1d074535-afa3-4d47-ad47-77a9f85e861e-768x768.png 768w, https:\/\/neurobehavior.pl\/wp-content\/uploads\/2023\/04\/matrannae_None_1d074535-afa3-4d47-ad47-77a9f85e861e-75x75.png 75w\" sizes=\"auto, (max-width: 960px) 100vw, 960px\" \/>\t\t\t\t\t\t\t\t\t\t\t\t\t\t\t<\/div>\n\t\t\t\t<\/div>\n\t\t\t\t\t<\/div>\n\t\t<\/div>\n\t\t\t\t<div class=\"elementor-column elementor-col-66 elementor-inner-column elementor-element elementor-element-9205b76\" data-id=\"9205b76\" data-element_type=\"column\">\n\t\t\t<div class=\"elementor-widget-wrap elementor-element-populated\">\n\t\t\t\t\t\t\t\t<div class=\"elementor-element elementor-element-684e368f elementor-widget__width-initial elementor-widget elementor-widget-text-editor\" data-id=\"684e368f\" data-element_type=\"widget\" data-widget_type=\"text-editor.default\">\n\t\t\t\t<div class=\"elementor-widget-container\">\n\t\t\t<style>\/*! elementor - v3.11.5 - 14-03-2023 *\/\n.elementor-widget-text-editor.elementor-drop-cap-view-stacked .elementor-drop-cap{background-color:#818a91;color:#fff}.elementor-widget-text-editor.elementor-drop-cap-view-framed .elementor-drop-cap{color:#818a91;border:3px solid;background-color:transparent}.elementor-widget-text-editor:not(.elementor-drop-cap-view-default) .elementor-drop-cap{margin-top:8px}.elementor-widget-text-editor:not(.elementor-drop-cap-view-default) .elementor-drop-cap-letter{width:1em;height:1em}.elementor-widget-text-editor .elementor-drop-cap{float:left;text-align:center;line-height:1;font-size:50px}.elementor-widget-text-editor .elementor-drop-cap-letter{display:inline-block}<\/style>\t\t\t\t<p><!-- wp:paragraph {\"style\":{\"typography\":{\"textDecoration\":\"none\"}},\"fontSize\":\"medium\"} --><\/p>\n<p class=\"has-medium-font-size\" style=\"text-decoration:none\">Neurobehavior to wyj\u0105tkowy, interdyscyplinarny projekt, kt\u00f3rego celem jest <strong><mark style=\"background-color:rgba(0, 0, 0, 0);color:#990b0b\" class=\"has-inline-color\">zapewnienie klientom-pacjentom wielowymiarowego wsparcia. <\/mark><\/strong><\/p>\n<p><!-- \/wp:paragraph --><\/p>\n<p><!-- wp:paragraph {\"style\":{\"typography\":{\"textDecoration\":\"none\"}},\"fontSize\":\"medium\"} --><\/p>\n<p class=\"has-medium-font-size\" style=\"text-decoration:none\"><br><strong>Trudno\u015bci z komunikacj\u0105<\/strong> mog\u0105 by\u0107 efektem zaburze\u0144 o ro\u017cnym pod\u0142o\u017cu -psychicznym, psychologicznym albo by\u0107 skutkiem problem\u00f3w z mow\u0105 wynikaj\u0105cych z jej zaburzenia, niedokszta\u0142cenia czy op\u00f3\u017anionego rozwoju. <strong>Te trudno\u015bci rodz\u0105 frustracj\u0119<\/strong>, a to w konsekwencji ma prze\u0142o\u017cenie na samopoczucie pacjenta, jego stan psychiczny i mo\u017ce generowa\u0107 okre\u015blone zachowania i postawy.<\/p>\n<p><!-- \/wp:paragraph --><\/p>\t\t\t\t\t\t<\/div>\n\t\t\t\t<\/div>\n\t\t\t\t\t<\/div>\n\t\t<\/div>\n\t\t\t\t\t\t\t<\/div>\n\t\t<\/section>\n\t\t\t\t\t<\/div>\n\t\t<\/div>\n\t\t\t\t\t\t\t<\/div>\n\t\t<\/section>\n\t\t\t\t<section class=\"elementor-section elementor-top-section elementor-element elementor-element-d2837d2 elementor-section-boxed elementor-section-height-default elementor-section-height-default\" data-id=\"d2837d2\" data-element_type=\"section\">\n\t\t\t\t\t\t<div class=\"elementor-container elementor-column-gap-default\">\n\t\t\t\t\t<div class=\"elementor-column elementor-col-100 elementor-top-column elementor-element elementor-element-7d6b4f9\" data-id=\"7d6b4f9\" data-element_type=\"column\">\n\t\t\t<div class=\"elementor-widget-wrap elementor-element-populated\">\n\t\t\t\t\t\t\t\t<div class=\"elementor-element elementor-element-929c36d elementor-widget__width-initial elementor-widget elementor-widget-text-editor\" data-id=\"929c36d\" data-element_type=\"widget\" data-widget_type=\"text-editor.default\">\n\t\t\t\t<div class=\"elementor-widget-container\">\n\t\t\t\t\t\t\t<p class=\"has-medium-font-size\" style=\"text-align: center; font-size: var(--wp--preset--font-size--medium) !important;\">Cz\u0142owiek jest istot\u0105 spo\u0142eczn\u0105 i komunikacja jest mu niezb\u0119dna aby funkcjonowa\u0107 we wsp\u00f3\u0142czesnym \u015bwiecie. Komunikowa\u0107 mo\u017cemy si\u0119 na wiele r\u00f3\u017cnych sposob\u00f3w, wa\u017cne jednak aby znale\u017a\u0107 \u201ewsp\u00f3lny j\u0119zyk\u201d.<\/p>\n<p style=\"text-align: center;\">\u00a0<\/p>\n<p class=\"has-medium-font-size\" style=\"text-align: center; font-size: var(--wp--preset--font-size--medium) !important;\">W ramach\u00a0<strong><mark class=\"has-inline-color\" style=\"background-color: rgba(0, 0, 0, 0); color: #990b0b;\">neurobehavior<\/mark><\/strong>\u00a0pracuj\u0119 z osobami maj\u0105cymi potrzeby wsparcia <a href=\"https:\/\/neurobehavior.pl\/?p=80\">neurologopedy<\/a> i\/lub <a href=\"https:\/\/neurobehavior.pl\/?p=86\">psychologa<\/a>. Korzystam te\u017c z <a href=\"https:\/\/neurobehavior.pl\/?p=89\">dogoterapii<\/a>.<\/p>\n<p class=\"has-medium-font-size\" style=\"text-align: center; font-size: var(--wp--preset--font-size--medium) !important;\">Wi\u0119cej informacji jest dost\u0119pnych w menu u g\u00f3ry strony.<\/p>\t\t\t\t\t\t<\/div>\n\t\t\t\t<\/div>\n\t\t\t\t\t<\/div>\n\t\t<\/div>\n\t\t\t\t\t\t\t<\/div>\n\t\t<\/section>\n\t\t\t\t\t\t\t<\/div>\n\t\t","protected":false},"excerpt":{"rendered":"<p>Neurobehavior to wyj\u0105tkowy, interdyscyplinarny projekt, kt\u00f3rego celem jest zapewnienie klientom-pacjentom wielowymiarowego wsparcia. Trudno\u015bci z komunikacj\u0105 mog\u0105 by\u0107 efektem zaburze\u0144 o ro\u017cnym pod\u0142o\u017cu -psychicznym, psychologicznym albo by\u0107 skutkiem problem\u00f3w z mow\u0105 wynikaj\u0105cych z jej zaburzenia, niedokszta\u0142cenia czy op\u00f3\u017anionego rozwoju. Te trudno\u015bci rodz\u0105 frustracj\u0119, a to w konsekwencji ma prze\u0142o\u017cenie na samopoczucie pacjenta, jego stan psychiczny i mo\u017ce generowa\u0107 okre\u015blone zachowania i postawy. Cz\u0142owiek jest istot\u0105 spo\u0142eczn\u0105 i komunikacja jest mu niezb\u0119dna aby funkcjonowa\u0107 we wsp\u00f3\u0142czesnym \u015bwiecie. Komunikowa\u0107 mo\u017cemy si\u0119 na wiele r\u00f3\u017cnych sposob\u00f3w, wa\u017cne jednak aby znale\u017a\u0107 \u201ewsp\u00f3lny j\u0119zyk\u201d. \u00a0 W ramach\u00a0neurobehavior\u00a0pracuj\u0119 z osobami maj\u0105cymi potrzeby wsparcia neurologopedy i\/lub psychologa. Korzystam te\u017c z dogoterapii. Wi\u0119cej informacji jest dost\u0119pnych w menu u g\u00f3ry strony.<\/p>\n","protected":false},"author":1,"featured_media":0,"parent":0,"menu_order":0,"comment_status":"closed","ping_status":"open","template":"","meta":{"footnotes":""},"class_list":["post-2","page","type-page","status-publish","hentry"],"_links":{"self":[{"href":"https:\/\/neurobehavior.pl\/index.php?rest_route=\/wp\/v2\/pages\/2","targetHints":{"allow":["GET"]}}],"collection":[{"href":"https:\/\/neurobehavior.pl\/index.php?rest_route=\/wp\/v2\/pages"}],"about":[{"href":"https:\/\/neurobehavior.pl\/index.php?rest_route=\/wp\/v2\/types\/page"}],"author":[{"embeddable":true,"href":"https:\/\/neurobehavior.pl\/index.php?rest_route=\/wp\/v2\/users\/1"}],"replies":[{"embeddable":true,"href":"https:\/\/neurobehavior.pl\/index.php?rest_route=%2Fwp%2Fv2%2Fcomments&post=2"}],"version-history":[{"count":36,"href":"https:\/\/neurobehavior.pl\/index.php?rest_route=\/wp\/v2\/pages\/2\/revisions"}],"predecessor-version":[{"id":131,"href":"https:\/\/neurobehavior.pl\/index.php?rest_route=\/wp\/v2\/pages\/2\/revisions\/131"}],"wp:attachment":[{"href":"https:\/\/neurobehavior.pl\/index.php?rest_route=%2Fwp%2Fv2%2Fmedia&parent=2"}],"curies":[{"name":"wp","href":"https:\/\/api.w.org\/{rel}","templated":true}]}}