{"id":10,"date":"2023-03-21T22:00:40","date_gmt":"2023-03-21T21:00:40","guid":{"rendered":"https:\/\/neurobehavior.pl\/?page_id=10"},"modified":"2023-04-08T02:01:30","modified_gmt":"2023-04-08T00:01:30","slug":"o-mnie","status":"publish","type":"page","link":"https:\/\/neurobehavior.pl\/?page_id=10","title":{"rendered":"O mnie"},"content":{"rendered":"\t\t<div data-elementor-type=\"wp-page\" data-elementor-id=\"10\" class=\"elementor elementor-10\">\n\t\t\t\t\t\t\t\t\t<section class=\"elementor-section elementor-top-section elementor-element elementor-element-818f716 elementor-section-boxed elementor-section-height-default elementor-section-height-default\" data-id=\"818f716\" data-element_type=\"section\">\n\t\t\t\t\t\t<div class=\"elementor-container elementor-column-gap-default\">\n\t\t\t\t\t<div class=\"elementor-column elementor-col-100 elementor-top-column elementor-element elementor-element-48a2a40e\" data-id=\"48a2a40e\" data-element_type=\"column\">\n\t\t\t<div class=\"elementor-widget-wrap elementor-element-populated\">\n\t\t\t\t\t\t\t\t<section class=\"elementor-section elementor-inner-section elementor-element elementor-element-963b154 elementor-section-boxed elementor-section-height-default elementor-section-height-default\" data-id=\"963b154\" data-element_type=\"section\">\n\t\t\t\t\t\t<div class=\"elementor-container elementor-column-gap-default\">\n\t\t\t\t\t<div class=\"elementor-column elementor-col-50 elementor-inner-column elementor-element elementor-element-15dc186\" data-id=\"15dc186\" data-element_type=\"column\">\n\t\t\t<div class=\"elementor-widget-wrap elementor-element-populated\">\n\t\t\t\t\t\t\t\t<div class=\"elementor-element elementor-element-b9e81ad elementor-widget elementor-widget-image\" data-id=\"b9e81ad\" data-element_type=\"widget\" data-widget_type=\"image.default\">\n\t\t\t\t<div class=\"elementor-widget-container\">\n\t\t\t<style>\/*! elementor - v3.11.5 - 14-03-2023 *\/\n.elementor-widget-image{text-align:center}.elementor-widget-image a{display:inline-block}.elementor-widget-image a img[src$=\".svg\"]{width:48px}.elementor-widget-image img{vertical-align:middle;display:inline-block}<\/style>\t\t\t\t\t\t\t\t\t\t\t\t<img loading=\"lazy\" decoding=\"async\" width=\"960\" height=\"963\" src=\"https:\/\/neurobehavior.pl\/wp-content\/uploads\/2023\/04\/Zrzut-ekranu-2023-04-7-o-23.45.53-1021x1024.png\" class=\"attachment-large size-large wp-image-132\" alt=\"\" srcset=\"https:\/\/neurobehavior.pl\/wp-content\/uploads\/2023\/04\/Zrzut-ekranu-2023-04-7-o-23.45.53-1021x1024.png 1021w, https:\/\/neurobehavior.pl\/wp-content\/uploads\/2023\/04\/Zrzut-ekranu-2023-04-7-o-23.45.53-300x300.png 300w, https:\/\/neurobehavior.pl\/wp-content\/uploads\/2023\/04\/Zrzut-ekranu-2023-04-7-o-23.45.53-150x150.png 150w, https:\/\/neurobehavior.pl\/wp-content\/uploads\/2023\/04\/Zrzut-ekranu-2023-04-7-o-23.45.53-768x770.png 768w, https:\/\/neurobehavior.pl\/wp-content\/uploads\/2023\/04\/Zrzut-ekranu-2023-04-7-o-23.45.53-1140x1143.png 1140w, https:\/\/neurobehavior.pl\/wp-content\/uploads\/2023\/04\/Zrzut-ekranu-2023-04-7-o-23.45.53-75x75.png 75w, https:\/\/neurobehavior.pl\/wp-content\/uploads\/2023\/04\/Zrzut-ekranu-2023-04-7-o-23.45.53.png 1472w\" sizes=\"auto, (max-width: 960px) 100vw, 960px\" \/>\t\t\t\t\t\t\t\t\t\t\t\t\t\t\t<\/div>\n\t\t\t\t<\/div>\n\t\t\t\t\t<\/div>\n\t\t<\/div>\n\t\t\t\t<div class=\"elementor-column elementor-col-50 elementor-inner-column elementor-element elementor-element-5f57dd3\" data-id=\"5f57dd3\" data-element_type=\"column\">\n\t\t\t<div class=\"elementor-widget-wrap elementor-element-populated\">\n\t\t\t\t\t\t\t\t<div class=\"elementor-element elementor-element-bf2bb28 elementor-widget elementor-widget-text-editor\" data-id=\"bf2bb28\" data-element_type=\"widget\" data-widget_type=\"text-editor.default\">\n\t\t\t\t<div class=\"elementor-widget-container\">\n\t\t\t<style>\/*! elementor - v3.11.5 - 14-03-2023 *\/\n.elementor-widget-text-editor.elementor-drop-cap-view-stacked .elementor-drop-cap{background-color:#818a91;color:#fff}.elementor-widget-text-editor.elementor-drop-cap-view-framed .elementor-drop-cap{color:#818a91;border:3px solid;background-color:transparent}.elementor-widget-text-editor:not(.elementor-drop-cap-view-default) .elementor-drop-cap{margin-top:8px}.elementor-widget-text-editor:not(.elementor-drop-cap-view-default) .elementor-drop-cap-letter{width:1em;height:1em}.elementor-widget-text-editor .elementor-drop-cap{float:left;text-align:center;line-height:1;font-size:50px}.elementor-widget-text-editor .elementor-drop-cap-letter{display:inline-block}<\/style>\t\t\t\t<p>Jestem <b>psychologiem<\/b> o specjalno\u015bci klinicznej i <b>neurologoped\u0105<\/b>. Jako do\u015bwiadczony diagnosta i terapeuta z blisko trzydziestoletni\u0105 praktyk\u0105 w Edukacji i Ochronie Zdrowia, \u0142\u0105cz\u0119 wiedz\u0119 psychologiczn\u0105 i logopedyczn\u0105 w pracy z pacjentem o r\u00f3\u017cnorodnych deficytach z tych obszar\u00f3w.\u00a0<\/p>\n<p>Pracuj\u0119 z osobami cierpi\u0105cymi na choroby neurodegeneracyjne, r\u00f3wnie\u017c seniorami, po przebytych udarach, urazach czaszkowo-m\u00f3zgowych, cierpi\u0105cymi na dysfagi\u0119, dyzartri\u0119, afazj\u0119, Chorob\u0119 Parkinsona.<span style=\"color: var( --e-global-color-text ); font-family: var( --e-global-typography-text-font-family ), Sans-serif; font-weight: var( --e-global-typography-text-font-weight ); letter-spacing: 0px;\">\u00a0<\/span><\/p>\n<p>R\u00f3wnolegle pracuj\u0119 tak\u017ce z dzie\u0107mi szkolnymi. S\u0105 to zar\u00f3wno te w normie intelektualnej, kt\u00f3re zmagaj\u0105 si\u0119 z rozmaitymi problemami emocjonalnymi i relacyjnymi, jak i te z op\u00f3\u017anionym rozwojem poznawczym i mowy, kt\u00f3re z tego powodu gorzej radz\u0105 sobie w interakcjach spo\u0142ecznych.<\/p>\n<p>G\u0142\u00f3wn\u0105 moj\u0105 misj\u0105 jest poprawa u moich pacjent\u00f3w komunikacji zar\u00f3wno w aspekcie werbalnym jak i og\u00f3lnie spo\u0142ecznym.<\/p>\n<p><span style=\"color: var( --e-global-color-text ); font-family: var( --e-global-typography-text-font-family ), Sans-serif; font-weight: var( --e-global-typography-text-font-weight ); letter-spacing: 0px;\">Prowadz\u0119 terapi\u0119 psychologiczn\u0105, g\u0142\u00f3wnie w nurcie poznawczo-behawioralnym (RTZ), udzielam wsparcia terapeutycznego m\u0142odym doros\u0142ym i m\u0142odzie\u017cy, r\u00f3wnie\u017c w obszarze interwencji kryzysowej.<\/span><\/p>\n<p>Poniewa\u017c jestem tak\u017ce dogoterapeut\u0105, wykorzystuj\u0119 kynoterapi\u0119 jako jedn\u0105 z metod w swojej pracy uznaj\u0105c, \u017ce wsp\u00f3\u0142pracuj\u0105ce z cz\u0142owiekiem zwierz\u0119 pomaga w pokonaniu niejednej bariery komunikacyjnej.<\/p>\t\t\t\t\t\t<\/div>\n\t\t\t\t<\/div>\n\t\t\t\t\t<\/div>\n\t\t<\/div>\n\t\t\t\t\t\t\t<\/div>\n\t\t<\/section>\n\t\t\t\t\t<\/div>\n\t\t<\/div>\n\t\t\t\t\t\t\t<\/div>\n\t\t<\/section>\n\t\t\t\t\t\t\t<\/div>\n\t\t","protected":false},"excerpt":{"rendered":"<p>Jestem psychologiem o specjalno\u015bci klinicznej i neurologoped\u0105. Jako do\u015bwiadczony diagnosta i terapeuta z blisko trzydziestoletni\u0105 praktyk\u0105 w Edukacji i Ochronie Zdrowia, \u0142\u0105cz\u0119 wiedz\u0119 psychologiczn\u0105 i logopedyczn\u0105 w pracy z pacjentem o r\u00f3\u017cnorodnych deficytach z tych obszar\u00f3w.\u00a0 Pracuj\u0119 z osobami cierpi\u0105cymi na choroby neurodegeneracyjne, r\u00f3wnie\u017c seniorami, po przebytych udarach, urazach czaszkowo-m\u00f3zgowych, cierpi\u0105cymi na dysfagi\u0119, dyzartri\u0119, afazj\u0119, Chorob\u0119 Parkinsona.\u00a0 R\u00f3wnolegle pracuj\u0119 tak\u017ce z dzie\u0107mi szkolnymi. S\u0105 to zar\u00f3wno te w normie intelektualnej, kt\u00f3re zmagaj\u0105 si\u0119 z rozmaitymi problemami emocjonalnymi i relacyjnymi, jak i te z op\u00f3\u017anionym rozwojem poznawczym i mowy, kt\u00f3re z tego powodu gorzej radz\u0105 sobie w interakcjach spo\u0142ecznych. G\u0142\u00f3wn\u0105 moj\u0105 misj\u0105 jest poprawa u moich pacjent\u00f3w komunikacji zar\u00f3wno w aspekcie werbalnym jak i og\u00f3lnie spo\u0142ecznym. Prowadz\u0119 terapi\u0119 psychologiczn\u0105, g\u0142\u00f3wnie w nurcie poznawczo-behawioralnym (RTZ), udzielam wsparcia terapeutycznego m\u0142odym doros\u0142ym i m\u0142odzie\u017cy, r\u00f3wnie\u017c w obszarze interwencji kryzysowej. Poniewa\u017c jestem tak\u017ce dogoterapeut\u0105, wykorzystuj\u0119 kynoterapi\u0119 jako jedn\u0105 z metod w swojej pracy uznaj\u0105c, \u017ce wsp\u00f3\u0142pracuj\u0105ce z cz\u0142owiekiem zwierz\u0119 pomaga w pokonaniu niejednej bariery komunikacyjnej.<\/p>\n","protected":false},"author":1,"featured_media":0,"parent":0,"menu_order":0,"comment_status":"closed","ping_status":"closed","template":"","meta":{"footnotes":""},"class_list":["post-10","page","type-page","status-publish","hentry"],"_links":{"self":[{"href":"https:\/\/neurobehavior.pl\/index.php?rest_route=\/wp\/v2\/pages\/10","targetHints":{"allow":["GET"]}}],"collection":[{"href":"https:\/\/neurobehavior.pl\/index.php?rest_route=\/wp\/v2\/pages"}],"about":[{"href":"https:\/\/neurobehavior.pl\/index.php?rest_route=\/wp\/v2\/types\/page"}],"author":[{"embeddable":true,"href":"https:\/\/neurobehavior.pl\/index.php?rest_route=\/wp\/v2\/users\/1"}],"replies":[{"embeddable":true,"href":"https:\/\/neurobehavior.pl\/index.php?rest_route=%2Fwp%2Fv2%2Fcomments&post=10"}],"version-history":[{"count":15,"href":"https:\/\/neurobehavior.pl\/index.php?rest_route=\/wp\/v2\/pages\/10\/revisions"}],"predecessor-version":[{"id":176,"href":"https:\/\/neurobehavior.pl\/index.php?rest_route=\/wp\/v2\/pages\/10\/revisions\/176"}],"wp:attachment":[{"href":"https:\/\/neurobehavior.pl\/index.php?rest_route=%2Fwp%2Fv2%2Fmedia&parent=10"}],"curies":[{"name":"wp","href":"https:\/\/api.w.org\/{rel}","templated":true}]}}